{"id":122,"date":"2023-12-13T19:27:19","date_gmt":"2023-12-13T22:27:19","guid":{"rendered":"http:\/\/192.168.22.11\/wordpress\/?page_id=122"},"modified":"2026-03-04T20:14:17","modified_gmt":"2026-03-04T23:14:17","slug":"profesorado-de-ingles","status":"publish","type":"page","link":"https:\/\/www.frtdf.utn.edu.ar\/index.php\/profesorado-de-ingles\/","title":{"rendered":"Profesorado de Ingles"},"content":{"rendered":"\n\n\n\n\n<p>Los futuros docentes deben ingresar a la carrera con un conocimiento de ingl\u00e9s que les permita comunicarse con la fluidez y precisi\u00f3n correspondiente al nivel requerido. Dise\u00f1o Curricular jurisdiccional para la Formaci\u00f3n Docente Inicial del Profesorado de INGL\u00c9S &#8211; Tierra del Fuego AIAS.<\/p>\n\n\n\n<p>Resoluci\u00f3n; M.ED N\u00b0 1343\/12 &#8211; M.ED N\u00b0 0503\/2017<\/p>\n\n\n\n<p><\/p>\n\n\n\n<p><\/p>\n\n\n\n<p><\/p>\n","protected":false},"excerpt":{"rendered":"<p>Los futuros docentes deben ingresar a la carrera con un conocimiento de ingl\u00e9s que les permita comunicarse con la fluidez y precisi\u00f3n correspondiente al nivel requerido. Dise\u00f1o Curricular jurisdiccional para la Formaci\u00f3n Docente Inicial del Profesorado de INGL\u00c9S &#8211; Tierra del Fuego AIAS. Resoluci\u00f3n; M.ED N\u00b0 1343\/12 &#8211; M.ED N\u00b0 0503\/2017<\/p>\n","protected":false},"author":4,"featured_media":0,"parent":0,"menu_order":0,"comment_status":"closed","ping_status":"closed","template":"","meta":{"footnotes":""},"class_list":["post-122","page","type-page","status-publish","hentry"],"_links":{"self":[{"href":"https:\/\/www.frtdf.utn.edu.ar\/index.php\/wp-json\/wp\/v2\/pages\/122","targetHints":{"allow":["GET"]}}],"collection":[{"href":"https:\/\/www.frtdf.utn.edu.ar\/index.php\/wp-json\/wp\/v2\/pages"}],"about":[{"href":"https:\/\/www.frtdf.utn.edu.ar\/index.php\/wp-json\/wp\/v2\/types\/page"}],"author":[{"embeddable":true,"href":"https:\/\/www.frtdf.utn.edu.ar\/index.php\/wp-json\/wp\/v2\/users\/4"}],"replies":[{"embeddable":true,"href":"https:\/\/www.frtdf.utn.edu.ar\/index.php\/wp-json\/wp\/v2\/comments?post=122"}],"version-history":[{"count":5,"href":"https:\/\/www.frtdf.utn.edu.ar\/index.php\/wp-json\/wp\/v2\/pages\/122\/revisions"}],"predecessor-version":[{"id":2122,"href":"https:\/\/www.frtdf.utn.edu.ar\/index.php\/wp-json\/wp\/v2\/pages\/122\/revisions\/2122"}],"wp:attachment":[{"href":"https:\/\/www.frtdf.utn.edu.ar\/index.php\/wp-json\/wp\/v2\/media?parent=122"}],"curies":[{"name":"wp","href":"https:\/\/api.w.org\/{rel}","templated":true}]}}