{"id":1251,"date":"2025-11-14T15:17:41","date_gmt":"2025-11-14T18:17:41","guid":{"rendered":"https:\/\/www.frtdf.utn.edu.ar\/?page_id=1251"},"modified":"2025-11-14T15:17:41","modified_gmt":"2025-11-14T18:17:41","slug":"secretaria-de-cultura-y-extension","status":"publish","type":"page","link":"https:\/\/www.frtdf.utn.edu.ar\/index.php\/secretaria-de-cultura-y-extension\/","title":{"rendered":"SECRETAR\u00cdA DE CULTURA Y EXTENSI\u00d3N"},"content":{"rendered":"\n<h2 class=\"wp-block-heading has-text-align-center\"><\/h2>\n\n\n\n\n\n\n\n<div class=\"wp-block-group is-vertical is-content-justification-center is-layout-flex wp-container-core-group-is-layout-14b4ac1c wp-block-group-is-layout-flex\" style=\"padding-right:var(--wp--preset--spacing--50);padding-left:var(--wp--preset--spacing--50)\"><div class=\"guten-icon-box-wrapper hover-from-left\"><a class=\"\" href=\"https:\/\/www.frtdf.utn.edu.ar\/index.php\/cursos-y-capacitaciones\/\" target=\"\" rel=\"\"><\/a><div class=\"icon-box icon-box-body\"><a class=\"\" href=\"https:\/\/www.frtdf.utn.edu.ar\/index.php\/cursos-y-capacitaciones\/\" target=\"\" rel=\"\"><h2 class=\"title\">Cursos y Capacitaciones<\/h2><\/a><a class=\"\" href=\"https:\/\/www.frtdf.utn.edu.ar\/index.php\/cursos-y-capacitaciones\/\" target=\"\" rel=\"\"><p class=\"icon-box-description\">La\u00a0<strong>Secretar\u00eda de Extensi\u00f3n de la Facultad Regional Tierra del Fuego<\/strong>\u00a0ofrece una amplia variedad de cursos dise\u00f1ados para fortalecer las competencias t\u00e9cnicas, industriales y profesionales de nuestra comunidad. Nuestros programas est\u00e1n orientados a la formaci\u00f3n pr\u00e1ctica, la innovaci\u00f3n tecnol\u00f3gica y la gesti\u00f3n eficiente, respondiendo a las demandas del sector productivo y las necesidades de desarrollo regional.<br><\/p><\/a><a class=\"guten-button guten-button-sm\" href=\"https:\/\/www.frtdf.utn.edu.ar\/index.php\/cursos-y-capacitaciones\/\"><span>Ver<\/span><\/a><\/div><\/div>\n\n<div class=\"guten-icon-box-wrapper hover-from-left\"><a class=\"\" href=\"https:\/\/www.frtdf.utn.edu.ar\/index.php\/servicios\/\" target=\"\" rel=\"\"><\/a><div class=\"icon-box icon-box-body\"><a class=\"\" href=\"https:\/\/www.frtdf.utn.edu.ar\/index.php\/servicios\/\" target=\"\" rel=\"\"><h2 class=\"title\">Servicios<\/h2><\/a><a class=\"\" href=\"https:\/\/www.frtdf.utn.edu.ar\/index.php\/servicios\/\" target=\"\" rel=\"\"><p class=\"icon-box-description\">La\u00a0<strong>Facultad Regional Tierra del Fuego<\/strong>, a trav\u00e9s de su\u00a0<strong>Secretar\u00eda de Extensi\u00f3n y el CENTEC (Centro de Desarrollo Tecnol\u00f3gico)<\/strong>, pone a disposici\u00f3n de la industria, el sector productivo y la comunidad una amplia gama de\u00a0<strong>servicios especializados, ensayos y consultor\u00edas t\u00e9cnicas<\/strong>, dise\u00f1ados para garantizar calidad, seguridad y eficiencia en los procesos industriales y proyectos innovadores.<\/p><\/a><a class=\"guten-button guten-button-sm\" href=\"https:\/\/www.frtdf.utn.edu.ar\/index.php\/servicios\/\"><span>Ver<\/span><\/a><\/div><\/div>\n\n<div class=\"guten-icon-box-wrapper hover-from-left\"><a class=\"\" href=\"https:\/\/www.frtdf.utn.edu.ar\/index.php\/diplomaturas\/\" target=\"\" rel=\"\"><\/a><div class=\"icon-box icon-box-body\"><a class=\"\" href=\"https:\/\/www.frtdf.utn.edu.ar\/index.php\/diplomaturas\/\" target=\"\" rel=\"\"><h2 class=\"title\">Diplomaturas<\/h2><\/a><a class=\"\" href=\"https:\/\/www.frtdf.utn.edu.ar\/index.php\/diplomaturas\/\" target=\"\" rel=\"\"><p class=\"icon-box-description\">La\u00a0<strong>Facultad Regional Tierra del Fuego<\/strong>\u00a0ofrece una variedad de\u00a0<strong>diplomaturas<\/strong>\u00a0dise\u00f1adas para capacitar de manera sistem\u00e1tica y jerarquizada en competencias t\u00e9cnicas, profesionales y pedag\u00f3gicas, respondiendo a las demandas del mercado laboral y las necesidades de formaci\u00f3n continua.<\/p><\/a><a class=\"guten-button guten-button-sm\" href=\"https:\/\/www.frtdf.utn.edu.ar\/index.php\/diplomaturas\/\"><span>Ver<\/span><\/a><\/div><\/div>\n\n<div class=\"guten-icon-box-wrapper hover-from-left\"><a class=\"\" href=\"https:\/\/www.frtdf.utn.edu.ar\/index.php\/proyectos-especiales\/\" target=\"\" rel=\"\"><\/a><div class=\"icon-box icon-box-body\"><a class=\"\" href=\"https:\/\/www.frtdf.utn.edu.ar\/index.php\/proyectos-especiales\/\" target=\"\" rel=\"\"><h2 class=\"title\">Proyectos Especiales<\/h2><\/a><a class=\"guten-button guten-button-sm\" href=\"https:\/\/www.frtdf.utn.edu.ar\/index.php\/proyectos-especiales\/\"><span>Ver<\/span><\/a><\/div><\/div><\/div>\n\n\n\n\n\n\n\n<p><\/p>\n","protected":false},"excerpt":{"rendered":"","protected":false},"author":2,"featured_media":0,"parent":0,"menu_order":0,"comment_status":"closed","ping_status":"closed","template":"","meta":{"footnotes":""},"class_list":["post-1251","page","type-page","status-publish","hentry"],"_links":{"self":[{"href":"https:\/\/www.frtdf.utn.edu.ar\/index.php\/wp-json\/wp\/v2\/pages\/1251","targetHints":{"allow":["GET"]}}],"collection":[{"href":"https:\/\/www.frtdf.utn.edu.ar\/index.php\/wp-json\/wp\/v2\/pages"}],"about":[{"href":"https:\/\/www.frtdf.utn.edu.ar\/index.php\/wp-json\/wp\/v2\/types\/page"}],"author":[{"embeddable":true,"href":"https:\/\/www.frtdf.utn.edu.ar\/index.php\/wp-json\/wp\/v2\/users\/2"}],"replies":[{"embeddable":true,"href":"https:\/\/www.frtdf.utn.edu.ar\/index.php\/wp-json\/wp\/v2\/comments?post=1251"}],"version-history":[{"count":28,"href":"https:\/\/www.frtdf.utn.edu.ar\/index.php\/wp-json\/wp\/v2\/pages\/1251\/revisions"}],"predecessor-version":[{"id":1852,"href":"https:\/\/www.frtdf.utn.edu.ar\/index.php\/wp-json\/wp\/v2\/pages\/1251\/revisions\/1852"}],"wp:attachment":[{"href":"https:\/\/www.frtdf.utn.edu.ar\/index.php\/wp-json\/wp\/v2\/media?parent=1251"}],"curies":[{"name":"wp","href":"https:\/\/api.w.org\/{rel}","templated":true}]}}