{"id":708,"date":"2024-04-08T17:54:45","date_gmt":"2024-04-08T20:54:45","guid":{"rendered":"http:\/\/192.168.22.11\/wordpress\/?page_id=708"},"modified":"2025-11-07T18:54:13","modified_gmt":"2025-11-07T21:54:13","slug":"biblioteca-luis-leloir","status":"publish","type":"page","link":"https:\/\/www.frtdf.utn.edu.ar\/index.php\/biblioteca-luis-leloir\/","title":{"rendered":"BIBLIOTECA LUIS LELOIR"},"content":{"rendered":"\n<p><\/p>\n\n\n\n<div class=\"wp-block-group alignfull has-intrace-border-background-color has-background is-layout-flow wp-block-group-is-layout-flow\" style=\"padding-top:6vw;padding-right:6vw;padding-bottom:6vw;padding-left:6vw\">\n<div class=\"wp-block-group alignwide is-vertical is-nowrap is-layout-flex wp-container-core-group-is-layout-7946b6b8 wp-block-group-is-layout-flex\" style=\"padding-top:0;padding-right:0;padding-bottom:0;padding-left:0\">\n<div class=\"wp-block-columns alignwide is-layout-flex wp-container-core-columns-is-layout-21b20327 wp-block-columns-is-layout-flex\">\n<div class=\"wp-block-column is-layout-flow wp-block-column-is-layout-flow\" style=\"flex-basis:33.38%\">\n<div style=\"height:2vw\" aria-hidden=\"true\" class=\"wp-block-spacer\"><\/div>\n\n\n\n<div style=\"height:2vw\" aria-hidden=\"true\" class=\"wp-block-spacer\"><\/div>\n\n\n\n<div style=\"height:2vw\" aria-hidden=\"true\" class=\"wp-block-spacer\"><\/div>\n\n\n\n\n\n<p>La misi\u00f3n de la Biblioteca es contribuir al logro de los fines acad\u00e9micos, culturales y de desarrollo humano que persigue la Universidad Tecnol\u00f3gica Nacional.<\/p>\n<\/div>\n\n\n\n<div class=\"wp-block-column is-layout-flow wp-container-core-column-is-layout-3e8e1870 wp-block-column-is-layout-flow\" style=\"border-style:none;border-width:0px;padding-right:0;padding-left:0;flex-basis:50%\">\n<figure class=\"wp-block-image size-large\"><img fetchpriority=\"high\" decoding=\"async\" width=\"1024\" height=\"678\" src=\"https:\/\/www.frtdf.utn.edu.ar\/wp-content\/uploads\/2024\/04\/WhatsApp-Image-2024-03-20-at-20.44.38-1024x678.jpeg\" alt=\"\" class=\"wp-image-709\" srcset=\"https:\/\/www.frtdf.utn.edu.ar\/wp-content\/uploads\/2024\/04\/WhatsApp-Image-2024-03-20-at-20.44.38-1024x678.jpeg 1024w, https:\/\/www.frtdf.utn.edu.ar\/wp-content\/uploads\/2024\/04\/WhatsApp-Image-2024-03-20-at-20.44.38-300x199.jpeg 300w, https:\/\/www.frtdf.utn.edu.ar\/wp-content\/uploads\/2024\/04\/WhatsApp-Image-2024-03-20-at-20.44.38-768x508.jpeg 768w, https:\/\/www.frtdf.utn.edu.ar\/wp-content\/uploads\/2024\/04\/WhatsApp-Image-2024-03-20-at-20.44.38-1536x1017.jpeg 1536w, https:\/\/www.frtdf.utn.edu.ar\/wp-content\/uploads\/2024\/04\/WhatsApp-Image-2024-03-20-at-20.44.38.jpeg 1600w\" sizes=\"(max-width: 1024px) 100vw, 1024px\" \/><\/figure>\n\n\n\n<div style=\"height:0px\" aria-hidden=\"true\" class=\"wp-block-spacer\"><\/div>\n<\/div>\n<\/div>\n\n\n\n<div class=\"wp-block-columns alignwide is-layout-flex wp-container-core-columns-is-layout-c24efe4f wp-block-columns-is-layout-flex\">\n<div class=\"wp-block-column is-layout-flow wp-block-column-is-layout-flow\" style=\"flex-basis:69%\">\n<figure class=\"wp-block-image size-full\"><img decoding=\"async\" width=\"1024\" height=\"678\" src=\"https:\/\/www.frtdf.utn.edu.ar\/wp-content\/uploads\/2024\/04\/WhatsApp-Image-2024-03-20-at-20.44.492.jpeg\" alt=\"\" class=\"wp-image-712\" srcset=\"https:\/\/www.frtdf.utn.edu.ar\/wp-content\/uploads\/2024\/04\/WhatsApp-Image-2024-03-20-at-20.44.492.jpeg 1024w, https:\/\/www.frtdf.utn.edu.ar\/wp-content\/uploads\/2024\/04\/WhatsApp-Image-2024-03-20-at-20.44.492-300x199.jpeg 300w, https:\/\/www.frtdf.utn.edu.ar\/wp-content\/uploads\/2024\/04\/WhatsApp-Image-2024-03-20-at-20.44.492-768x509.jpeg 768w\" sizes=\"(max-width: 1024px) 100vw, 1024px\" \/><\/figure>\n<\/div>\n\n\n\n<div class=\"wp-block-column is-vertically-aligned-center is-layout-flow wp-block-column-is-layout-flow\" style=\"flex-basis:33%\">\n<h2 class=\"wp-block-heading\">SERVICIOS<\/h2>\n\n\n\n<div style=\"height:2vw\" aria-hidden=\"true\" class=\"wp-block-spacer\"><\/div>\n\n\n<div class=\" list-wrapper \"><div class=\"list-divider\"><\/div><a id=\"guten-r3xMZ5\" href=\"\"><span class=\"list-text\">List item<\/span><\/a><div class=\"list-divider\"><\/div><a id=\"guten-WUqaAz\" href=\"\"><span class=\"list-text\">List item<\/span><\/a><div class=\"list-divider\"><\/div><a id=\"guten-Upg7Yp\" href=\"\"><span class=\"list-text\">List item<\/span><\/a><div class=\"list-divider\"><\/div><a id=\"guten-ugmWou\" href=\"\"><span class=\"list-text\">List item<\/span><\/a><div class=\"list-divider\"><\/div><a id=\"guten-XMByaq\" href=\"\"><span class=\"list-text\">List item<\/span><\/a><div class=\"list-divider\"><\/div><a id=\"guten-Ga1JPB\" href=\"\"><span class=\"list-text\">List item<\/span><\/a><div class=\"list-divider\"><\/div><a id=\"guten-4xIJGg\" href=\"\"><span class=\"list-text\">List item<\/span><\/a><\/div><\/div>\n<\/div>\n<\/div>\n\n\n\n<p><\/p>\n<\/div>\n\n\n\n\n\n\n\n<div style=\"height:100px\" aria-hidden=\"true\" class=\"wp-block-spacer\"><\/div>\n\n\n\n<p><\/p>\n","protected":false},"excerpt":{"rendered":"<p>La misi\u00f3n de la Biblioteca es contribuir al logro de los fines acad\u00e9micos, culturales y de desarrollo humano que persigue la Universidad Tecnol\u00f3gica Nacional. SERVICIOS<\/p>\n","protected":false},"author":4,"featured_media":0,"parent":0,"menu_order":0,"comment_status":"closed","ping_status":"closed","template":"","meta":{"footnotes":""},"class_list":["post-708","page","type-page","status-publish","hentry"],"_links":{"self":[{"href":"https:\/\/www.frtdf.utn.edu.ar\/index.php\/wp-json\/wp\/v2\/pages\/708","targetHints":{"allow":["GET"]}}],"collection":[{"href":"https:\/\/www.frtdf.utn.edu.ar\/index.php\/wp-json\/wp\/v2\/pages"}],"about":[{"href":"https:\/\/www.frtdf.utn.edu.ar\/index.php\/wp-json\/wp\/v2\/types\/page"}],"author":[{"embeddable":true,"href":"https:\/\/www.frtdf.utn.edu.ar\/index.php\/wp-json\/wp\/v2\/users\/4"}],"replies":[{"embeddable":true,"href":"https:\/\/www.frtdf.utn.edu.ar\/index.php\/wp-json\/wp\/v2\/comments?post=708"}],"version-history":[{"count":20,"href":"https:\/\/www.frtdf.utn.edu.ar\/index.php\/wp-json\/wp\/v2\/pages\/708\/revisions"}],"predecessor-version":[{"id":1921,"href":"https:\/\/www.frtdf.utn.edu.ar\/index.php\/wp-json\/wp\/v2\/pages\/708\/revisions\/1921"}],"wp:attachment":[{"href":"https:\/\/www.frtdf.utn.edu.ar\/index.php\/wp-json\/wp\/v2\/media?parent=708"}],"curies":[{"name":"wp","href":"https:\/\/api.w.org\/{rel}","templated":true}]}}